{"id":354,"date":"2020-04-27T10:06:06","date_gmt":"2020-04-27T08:06:06","guid":{"rendered":"http:\/\/b-lavauzelle.eu\/?page_id=354"},"modified":"2020-05-01T09:46:32","modified_gmt":"2020-05-01T07:46:32","slug":"protection-de-comptoir-plaque-forex","status":"publish","type":"page","link":"https:\/\/www.b-lavauzelle.eu\/index.php\/produit-covid\/protection-de-comptoir-plaque-forex\/","title":{"rendered":"PROTECTION DE COMPTOIR PLAQUE FOREX"},"content":{"rendered":"\n<figure class=\"wp-block-image\"><img loading=\"lazy\" decoding=\"async\" width=\"800\" height=\"471\" src=\"http:\/\/b-lavauzelle.eu\/wp-content\/uploads\/2020\/04\/f5956a7c-4ee6-4cbc-91ac-d0b20dcb2546.jpg\" alt=\"\" class=\"wp-image-356\" srcset=\"https:\/\/www.b-lavauzelle.eu\/wp-content\/uploads\/2020\/04\/f5956a7c-4ee6-4cbc-91ac-d0b20dcb2546.jpg 800w, https:\/\/www.b-lavauzelle.eu\/wp-content\/uploads\/2020\/04\/f5956a7c-4ee6-4cbc-91ac-d0b20dcb2546-300x177.jpg 300w, https:\/\/www.b-lavauzelle.eu\/wp-content\/uploads\/2020\/04\/f5956a7c-4ee6-4cbc-91ac-d0b20dcb2546-768x452.jpg 768w\" sizes=\"auto, (max-width: 767px) 89vw, (max-width: 1000px) 54vw, (max-width: 1071px) 543px, 580px\" \/><\/figure>\n\n\n\n<figure class=\"wp-block-image is-resized\"><img loading=\"lazy\" decoding=\"async\" src=\"http:\/\/b-lavauzelle.eu\/wp-content\/uploads\/2020\/04\/0e4c5db6-6c71-471d-baec-0706f8affe41-1.jpg\" alt=\"\" class=\"wp-image-357\" width=\"475\" height=\"379\" srcset=\"https:\/\/www.b-lavauzelle.eu\/wp-content\/uploads\/2020\/04\/0e4c5db6-6c71-471d-baec-0706f8affe41-1.jpg 735w, https:\/\/www.b-lavauzelle.eu\/wp-content\/uploads\/2020\/04\/0e4c5db6-6c71-471d-baec-0706f8affe41-1-300x240.jpg 300w\" sizes=\"auto, (max-width: 475px) 100vw, 475px\" \/><\/figure>\n\n\n\n<h2 class=\"wp-block-heading\"><strong> Support  <\/strong><\/h2>\n\n\n\n<p> Plaque Forex 5 mm d\u2019\u00e9paisseur <br> Film Pvc transparent 0.5 mm <br> Collage par double face <\/p>\n\n\n\n<h2 class=\"wp-block-heading\"><strong> Format&nbsp;et prix<\/strong> <\/h2>\n\n\n\n<p> &nbsp;&nbsp;&nbsp;&nbsp;&nbsp;&nbsp;&nbsp;&nbsp;&nbsp;&nbsp;&nbsp;&nbsp;&nbsp;&nbsp;&nbsp;&nbsp;&nbsp;&nbsp;   &nbsp;&nbsp;&nbsp;&nbsp;&nbsp;&nbsp;&nbsp;&nbsp;&nbsp;&nbsp;&nbsp;&nbsp;&nbsp;&nbsp;&nbsp;&nbsp;&nbsp;&nbsp;  50 x 70 cm&nbsp;:&nbsp;&nbsp; &nbsp;&nbsp;&nbsp;&nbsp;&nbsp;  &nbsp;&nbsp;<strong>60,89 \u20ac ht<\/strong><br> &nbsp;&nbsp;&nbsp;&nbsp;&nbsp;&nbsp;&nbsp;&nbsp;&nbsp;&nbsp;&nbsp;&nbsp;&nbsp;&nbsp;&nbsp;&nbsp;&nbsp;&nbsp;    &nbsp;&nbsp;&nbsp;&nbsp;&nbsp;&nbsp;&nbsp;&nbsp;&nbsp;&nbsp;&nbsp;&nbsp;&nbsp;&nbsp;&nbsp;&nbsp;&nbsp;&nbsp;  60 x 70 cm&nbsp;:&nbsp;&nbsp; &nbsp;&nbsp;&nbsp;&nbsp;   &nbsp;&nbsp;&nbsp;<strong>68,13 \u20ac ht<\/strong><br>  &nbsp;&nbsp;&nbsp;&nbsp;&nbsp;&nbsp;&nbsp;&nbsp;&nbsp;&nbsp;&nbsp;&nbsp;&nbsp;&nbsp;&nbsp;&nbsp;&nbsp;&nbsp;   &nbsp;&nbsp;&nbsp;&nbsp;&nbsp;&nbsp;&nbsp;&nbsp;&nbsp;&nbsp;&nbsp;&nbsp;&nbsp;&nbsp;&nbsp;&nbsp;&nbsp;&nbsp;  100 x 70 cm&nbsp;:&nbsp;&nbsp; &nbsp;&nbsp;&nbsp;&nbsp;&nbsp;&nbsp;&nbsp;<strong>96,23 \u20ac ht<\/strong><br> &nbsp;&nbsp;&nbsp;&nbsp;&nbsp;&nbsp;&nbsp;&nbsp;&nbsp;&nbsp;&nbsp;&nbsp;&nbsp;&nbsp;&nbsp;&nbsp;&nbsp;&nbsp;   &nbsp;&nbsp;&nbsp;&nbsp;&nbsp;&nbsp;&nbsp;&nbsp;&nbsp;&nbsp;&nbsp;&nbsp;&nbsp;&nbsp;&nbsp;&nbsp;&nbsp;&nbsp;  120 x 70 cm&nbsp;: &nbsp;&nbsp;&nbsp;&nbsp;&nbsp;  &nbsp;&nbsp;<strong>135,61 \u20ac ht<\/strong><\/p>\n\n\n\n<p class=\"has-text-align-left\"><strong>Dimensions pour tous les Formats&nbsp;:<\/strong><br>   &#8211; Fen\u00eatre en haut&nbsp;: 30 cm de largueur par 45 cm de hauteur<br>  &#8211; Ouverture en bas&nbsp;: 30 cm de largueur par 15 cm de hauteur<br>  &#8211; Pieds&nbsp;: 30 cm de largueur par 41 cm de hauteur<\/p>\n\n\n\n<h2 class=\"wp-block-heading\"><strong>Information produit&nbsp;<\/strong><\/h2>\n\n\n\n<p>Produit de qualit\u00e9 transportable r\u00e9utilisable.<br>Un support de protection de comptoir pr\u00eat \u00e0 l\u2019emploi.<br>Il vous suffit de le poser, c\u2019est en place et efficace.<br>Le film PVC peut \u00eatre nettoy\u00e9 avec de l\u2019alcool \u00e0 90\u00b0.<\/p>\n\n\n\n<div class=\"wp-block-image\"><figure class=\"aligncenter size-large is-resized\"><a href=\"http:\/\/b-lavauzelle.eu\/index.php\/produit-covid\/\"><img loading=\"lazy\" decoding=\"async\" src=\"http:\/\/b-lavauzelle.eu\/wp-content\/uploads\/2019\/04\/LOGO-BASSE-DEF-2.jpeg\" alt=\"\" class=\"wp-image-203\" width=\"198\" height=\"187\"\/><\/a><figcaption>RETOUR A NOTRE S\u00c9LECTION DE PRODUITS <\/figcaption><\/figure><\/div>\n\n\n\n<p><\/p>\n","protected":false},"excerpt":{"rendered":"<p>Support Plaque Forex 5 mm d\u2019\u00e9paisseur Film Pvc transparent 0.5 mm Collage par double face Format&nbsp;et prix &nbsp;&nbsp;&nbsp;&nbsp;&nbsp;&nbsp;&nbsp;&nbsp;&nbsp;&nbsp;&nbsp;&nbsp;&nbsp;&nbsp;&nbsp;&nbsp;&nbsp;&nbsp; &nbsp;&nbsp;&nbsp;&nbsp;&nbsp;&nbsp;&nbsp;&nbsp;&nbsp;&nbsp;&nbsp;&nbsp;&nbsp;&nbsp;&nbsp;&nbsp;&nbsp;&nbsp; 50 x 70 cm&nbsp;:&nbsp;&nbsp; &nbsp;&nbsp;&nbsp;&nbsp;&nbsp; &nbsp;&nbsp;60,89 \u20ac ht &nbsp;&nbsp;&nbsp;&nbsp;&nbsp;&nbsp;&nbsp;&nbsp;&nbsp;&nbsp;&nbsp;&nbsp;&nbsp;&nbsp;&nbsp;&nbsp;&nbsp;&nbsp; &nbsp;&nbsp;&nbsp;&nbsp;&nbsp;&nbsp;&nbsp;&nbsp;&nbsp;&nbsp;&nbsp;&nbsp;&nbsp;&nbsp;&nbsp;&nbsp;&nbsp;&nbsp; 60 x 70 cm&nbsp;:&nbsp;&nbsp; &nbsp;&nbsp;&nbsp;&nbsp; &nbsp;&nbsp;&nbsp;68,13 \u20ac ht &nbsp;&nbsp;&nbsp;&nbsp;&nbsp;&nbsp;&nbsp;&nbsp;&nbsp;&nbsp;&nbsp;&nbsp;&nbsp;&nbsp;&nbsp;&nbsp;&nbsp;&nbsp; &nbsp;&nbsp;&nbsp;&nbsp;&nbsp;&nbsp;&nbsp;&nbsp;&nbsp;&nbsp;&nbsp;&nbsp;&nbsp;&nbsp;&nbsp;&nbsp;&nbsp;&nbsp; 100 x 70 cm&nbsp;:&nbsp;&nbsp; &nbsp;&nbsp;&nbsp;&nbsp;&nbsp;&nbsp;&nbsp;96,23 \u20ac ht &nbsp;&nbsp;&nbsp;&nbsp;&nbsp;&nbsp;&nbsp;&nbsp;&nbsp;&nbsp;&nbsp;&nbsp;&nbsp;&nbsp;&nbsp;&nbsp;&nbsp;&nbsp; &nbsp;&nbsp;&nbsp;&nbsp;&nbsp;&nbsp;&nbsp;&nbsp;&nbsp;&nbsp;&nbsp;&nbsp;&nbsp;&nbsp;&nbsp;&nbsp;&nbsp;&nbsp; 120 x 70 cm&nbsp;: &nbsp;&nbsp;&nbsp;&nbsp;&nbsp; &nbsp;&nbsp;135,61 \u20ac &hellip; <\/p>\n<p class=\"link-more\"><a href=\"https:\/\/www.b-lavauzelle.eu\/index.php\/produit-covid\/protection-de-comptoir-plaque-forex\/\" class=\"more-link\">Continuer la lecture<span class=\"screen-reader-text\"> de &laquo;&nbsp;PROTECTION DE COMPTOIR PLAQUE FOREX&nbsp;&raquo;<\/span><\/a><\/p>\n","protected":false},"author":1,"featured_media":0,"parent":379,"menu_order":-1,"comment_status":"closed","ping_status":"closed","template":"","meta":{"footnotes":""},"class_list":["post-354","page","type-page","status-publish","hentry"],"_links":{"self":[{"href":"https:\/\/www.b-lavauzelle.eu\/index.php\/wp-json\/wp\/v2\/pages\/354","targetHints":{"allow":["GET"]}}],"collection":[{"href":"https:\/\/www.b-lavauzelle.eu\/index.php\/wp-json\/wp\/v2\/pages"}],"about":[{"href":"https:\/\/www.b-lavauzelle.eu\/index.php\/wp-json\/wp\/v2\/types\/page"}],"author":[{"embeddable":true,"href":"https:\/\/www.b-lavauzelle.eu\/index.php\/wp-json\/wp\/v2\/users\/1"}],"replies":[{"embeddable":true,"href":"https:\/\/www.b-lavauzelle.eu\/index.php\/wp-json\/wp\/v2\/comments?post=354"}],"version-history":[{"count":10,"href":"https:\/\/www.b-lavauzelle.eu\/index.php\/wp-json\/wp\/v2\/pages\/354\/revisions"}],"predecessor-version":[{"id":596,"href":"https:\/\/www.b-lavauzelle.eu\/index.php\/wp-json\/wp\/v2\/pages\/354\/revisions\/596"}],"up":[{"embeddable":true,"href":"https:\/\/www.b-lavauzelle.eu\/index.php\/wp-json\/wp\/v2\/pages\/379"}],"wp:attachment":[{"href":"https:\/\/www.b-lavauzelle.eu\/index.php\/wp-json\/wp\/v2\/media?parent=354"}],"curies":[{"name":"wp","href":"https:\/\/api.w.org\/{rel}","templated":true}]}}